{"id":1231,"date":"2024-02-07T12:06:27","date_gmt":"2024-02-07T11:06:27","guid":{"rendered":"https:\/\/www.chateau-talbot.com\/les-visites\/"},"modified":"2024-08-27T12:21:24","modified_gmt":"2024-08-27T10:21:24","slug":"%eb%b0%a9%eb%ac%b8","status":"publish","type":"page","link":"https:\/\/www.chateau-talbot.com\/ko\/%eb%b0%a9%eb%ac%b8\/","title":{"rendered":"\ubc29\ubb38"},"content":{"rendered":"","protected":false},"excerpt":{"rendered":"","protected":false},"author":1,"featured_media":0,"parent":0,"menu_order":0,"comment_status":"closed","ping_status":"closed","template":"tpl-visites.php","meta":{"_acf_changed":false,"inline_featured_image":false,"footnotes":""},"class_list":["post-1231","page","type-page","status-publish","hentry"],"acf":[],"yoast_head":"<!-- This site is optimized with the Yoast SEO plugin v27.4 - https:\/\/yoast.com\/product\/yoast-seo-wordpress\/ -->\n<title>\ubc29\ubb38 &#8226; \ub538\ubcf4 (Talbot) &#8226; \uc81c4\ud68c \uc0dd \uc904\ub9ac\uc559 \uadf8\ub791 \ud06c\ub93c \ud074\ub77c\uc138<\/title>\n<meta name=\"description\" content=\"D\u00e9couvrez la propri\u00e9t\u00e9 \u00e0 travers 3 formules de visites compl\u00e9mentaires en fonction de vos envies. Les visites sont privatives et limit\u00e9es .\" \/>\n<meta name=\"robots\" content=\"index, follow, max-snippet:-1, max-image-preview:large, max-video-preview:-1\" \/>\n<link rel=\"canonical\" href=\"https:\/\/www.chateau-talbot.com\/ko\/%eb%b0%a9%eb%ac%b8\/\" \/>\n<meta property=\"og:locale\" content=\"ko_KR\" \/>\n<meta property=\"og:type\" content=\"article\" \/>\n<meta property=\"og:title\" content=\"\ubc29\ubb38 &#8226; \ub538\ubcf4 (Talbot) &#8226; \uc81c4\ud68c \uc0dd \uc904\ub9ac\uc559 \uadf8\ub791 \ud06c\ub93c \ud074\ub77c\uc138\" \/>\n<meta property=\"og:description\" content=\"D\u00e9couvrez la propri\u00e9t\u00e9 \u00e0 travers 3 formules de visites compl\u00e9mentaires en fonction de vos envies. Les visites sont privatives et limit\u00e9es .\" \/>\n<meta property=\"og:url\" content=\"https:\/\/www.chateau-talbot.com\/ko\/%eb%b0%a9%eb%ac%b8\/\" \/>\n<meta property=\"og:site_name\" content=\"\ub538\ubcf4 (Talbot)\" \/>\n<meta property=\"article:publisher\" content=\"https:\/\/www.facebook.com\/chateautalbot\/\" \/>\n<meta property=\"article:modified_time\" content=\"2024-08-27T10:21:24+00:00\" \/>\n<meta property=\"og:image\" content=\"https:\/\/www.chateau-talbot.com\/wp-content\/uploads\/2024\/05\/Chateau-Talbot-La-Propriete-Chateau-Vue-du-Ciel-2.jpg\" \/>\n\t<meta property=\"og:image:width\" content=\"1621\" \/>\n\t<meta property=\"og:image:height\" content=\"1080\" \/>\n\t<meta property=\"og:image:type\" content=\"image\/jpeg\" \/>\n<meta name=\"twitter:card\" content=\"summary_large_image\" \/>\n<meta name=\"twitter:site\" content=\"@talbotofficial\" \/>\n<meta name=\"twitter:label1\" content=\"\uc608\uc0c1 \ub418\ub294 \ud310\ub3c5 \uc2dc\uac04\" \/>\n\t<meta name=\"twitter:data1\" content=\"3\ubd84\" \/>\n<script type=\"application\/ld+json\" class=\"yoast-schema-graph\">{\"@context\":\"https:\\\/\\\/schema.org\",\"@graph\":[{\"@type\":\"WebPage\",\"@id\":\"https:\\\/\\\/www.chateau-talbot.com\\\/ko\\\/%eb%b0%a9%eb%ac%b8\\\/\",\"url\":\"https:\\\/\\\/www.chateau-talbot.com\\\/ko\\\/%eb%b0%a9%eb%ac%b8\\\/\",\"name\":\"\ubc29\ubb38 &#8226; \ub538\ubcf4 (Talbot) &#8226; \uc81c4\ud68c \uc0dd \uc904\ub9ac\uc559 \uadf8\ub791 \ud06c\ub93c \ud074\ub77c\uc138\",\"isPartOf\":{\"@id\":\"https:\\\/\\\/www.chateau-talbot.com\\\/ko\\\/#website\"},\"datePublished\":\"2024-02-07T11:06:27+00:00\",\"dateModified\":\"2024-08-27T10:21:24+00:00\",\"description\":\"D\u00e9couvrez la propri\u00e9t\u00e9 \u00e0 travers 3 formules de visites compl\u00e9mentaires en fonction de vos envies. Les visites sont privatives et limit\u00e9es .\",\"breadcrumb\":{\"@id\":\"https:\\\/\\\/www.chateau-talbot.com\\\/ko\\\/%eb%b0%a9%eb%ac%b8\\\/#breadcrumb\"},\"inLanguage\":\"ko-KR\",\"potentialAction\":[{\"@type\":\"ReadAction\",\"target\":[\"https:\\\/\\\/www.chateau-talbot.com\\\/ko\\\/%eb%b0%a9%eb%ac%b8\\\/\"]}]},{\"@type\":\"BreadcrumbList\",\"@id\":\"https:\\\/\\\/www.chateau-talbot.com\\\/ko\\\/%eb%b0%a9%eb%ac%b8\\\/#breadcrumb\",\"itemListElement\":[{\"@type\":\"ListItem\",\"position\":1,\"name\":\"Accueil\",\"item\":\"https:\\\/\\\/www.chateau-talbot.com\\\/ko\\\/\"},{\"@type\":\"ListItem\",\"position\":2,\"name\":\"\ubc29\ubb38\"}]},{\"@type\":\"WebSite\",\"@id\":\"https:\\\/\\\/www.chateau-talbot.com\\\/ko\\\/#website\",\"url\":\"https:\\\/\\\/www.chateau-talbot.com\\\/ko\\\/\",\"name\":\"\ub538\ubcf4 (Talbot)\",\"description\":\"\uc81c4\ud68c \uc0dd \uc904\ub9ac\uc559 \uadf8\ub791 \ud06c\ub93c \ud074\ub77c\uc138\",\"publisher\":{\"@id\":\"https:\\\/\\\/www.chateau-talbot.com\\\/ko\\\/#organization\"},\"potentialAction\":[{\"@type\":\"SearchAction\",\"target\":{\"@type\":\"EntryPoint\",\"urlTemplate\":\"https:\\\/\\\/www.chateau-talbot.com\\\/ko\\\/?s={search_term_string}\"},\"query-input\":{\"@type\":\"PropertyValueSpecification\",\"valueRequired\":true,\"valueName\":\"search_term_string\"}}],\"inLanguage\":\"ko-KR\"},{\"@type\":\"Organization\",\"@id\":\"https:\\\/\\\/www.chateau-talbot.com\\\/ko\\\/#organization\",\"name\":\"Ch\u00e2teau Talbot\",\"alternateName\":\"L\u2019expression fid\u00e8le du terroir de Saint-Julien\",\"url\":\"https:\\\/\\\/www.chateau-talbot.com\\\/ko\\\/\",\"logo\":{\"@type\":\"ImageObject\",\"inLanguage\":\"ko-KR\",\"@id\":\"https:\\\/\\\/www.chateau-talbot.com\\\/ko\\\/#\\\/schema\\\/logo\\\/image\\\/\",\"url\":\"https:\\\/\\\/www.chateau-talbot.com\\\/wp-content\\\/uploads\\\/2024\\\/02\\\/logo-chateau-TALBOT-complet.svg\",\"contentUrl\":\"https:\\\/\\\/www.chateau-talbot.com\\\/wp-content\\\/uploads\\\/2024\\\/02\\\/logo-chateau-TALBOT-complet.svg\",\"width\":200,\"height\":154,\"caption\":\"Ch\u00e2teau Talbot\"},\"image\":{\"@id\":\"https:\\\/\\\/www.chateau-talbot.com\\\/ko\\\/#\\\/schema\\\/logo\\\/image\\\/\"},\"sameAs\":[\"https:\\\/\\\/www.facebook.com\\\/chateautalbot\\\/\",\"https:\\\/\\\/x.com\\\/talbotofficial\",\"https:\\\/\\\/www.instagram.com\\\/chateautalbot\\\/\"]}]}<\/script>\n<!-- \/ Yoast SEO plugin. -->","yoast_head_json":{"title":"\ubc29\ubb38 &#8226; \ub538\ubcf4 (Talbot) &#8226; \uc81c4\ud68c \uc0dd \uc904\ub9ac\uc559 \uadf8\ub791 \ud06c\ub93c \ud074\ub77c\uc138","description":"D\u00e9couvrez la propri\u00e9t\u00e9 \u00e0 travers 3 formules de visites compl\u00e9mentaires en fonction de vos envies. Les visites sont privatives et limit\u00e9es .","robots":{"index":"index","follow":"follow","max-snippet":"max-snippet:-1","max-image-preview":"max-image-preview:large","max-video-preview":"max-video-preview:-1"},"canonical":"https:\/\/www.chateau-talbot.com\/ko\/%eb%b0%a9%eb%ac%b8\/","og_locale":"ko_KR","og_type":"article","og_title":"\ubc29\ubb38 &#8226; \ub538\ubcf4 (Talbot) &#8226; \uc81c4\ud68c \uc0dd \uc904\ub9ac\uc559 \uadf8\ub791 \ud06c\ub93c \ud074\ub77c\uc138","og_description":"D\u00e9couvrez la propri\u00e9t\u00e9 \u00e0 travers 3 formules de visites compl\u00e9mentaires en fonction de vos envies. Les visites sont privatives et limit\u00e9es .","og_url":"https:\/\/www.chateau-talbot.com\/ko\/%eb%b0%a9%eb%ac%b8\/","og_site_name":"\ub538\ubcf4 (Talbot)","article_publisher":"https:\/\/www.facebook.com\/chateautalbot\/","article_modified_time":"2024-08-27T10:21:24+00:00","og_image":[{"width":1621,"height":1080,"url":"https:\/\/www.chateau-talbot.com\/wp-content\/uploads\/2024\/05\/Chateau-Talbot-La-Propriete-Chateau-Vue-du-Ciel-2.jpg","type":"image\/jpeg"}],"twitter_card":"summary_large_image","twitter_site":"@talbotofficial","twitter_misc":{"\uc608\uc0c1 \ub418\ub294 \ud310\ub3c5 \uc2dc\uac04":"3\ubd84"},"schema":{"@context":"https:\/\/schema.org","@graph":[{"@type":"WebPage","@id":"https:\/\/www.chateau-talbot.com\/ko\/%eb%b0%a9%eb%ac%b8\/","url":"https:\/\/www.chateau-talbot.com\/ko\/%eb%b0%a9%eb%ac%b8\/","name":"\ubc29\ubb38 &#8226; \ub538\ubcf4 (Talbot) &#8226; \uc81c4\ud68c \uc0dd \uc904\ub9ac\uc559 \uadf8\ub791 \ud06c\ub93c \ud074\ub77c\uc138","isPartOf":{"@id":"https:\/\/www.chateau-talbot.com\/ko\/#website"},"datePublished":"2024-02-07T11:06:27+00:00","dateModified":"2024-08-27T10:21:24+00:00","description":"D\u00e9couvrez la propri\u00e9t\u00e9 \u00e0 travers 3 formules de visites compl\u00e9mentaires en fonction de vos envies. Les visites sont privatives et limit\u00e9es .","breadcrumb":{"@id":"https:\/\/www.chateau-talbot.com\/ko\/%eb%b0%a9%eb%ac%b8\/#breadcrumb"},"inLanguage":"ko-KR","potentialAction":[{"@type":"ReadAction","target":["https:\/\/www.chateau-talbot.com\/ko\/%eb%b0%a9%eb%ac%b8\/"]}]},{"@type":"BreadcrumbList","@id":"https:\/\/www.chateau-talbot.com\/ko\/%eb%b0%a9%eb%ac%b8\/#breadcrumb","itemListElement":[{"@type":"ListItem","position":1,"name":"Accueil","item":"https:\/\/www.chateau-talbot.com\/ko\/"},{"@type":"ListItem","position":2,"name":"\ubc29\ubb38"}]},{"@type":"WebSite","@id":"https:\/\/www.chateau-talbot.com\/ko\/#website","url":"https:\/\/www.chateau-talbot.com\/ko\/","name":"\ub538\ubcf4 (Talbot)","description":"\uc81c4\ud68c \uc0dd \uc904\ub9ac\uc559 \uadf8\ub791 \ud06c\ub93c \ud074\ub77c\uc138","publisher":{"@id":"https:\/\/www.chateau-talbot.com\/ko\/#organization"},"potentialAction":[{"@type":"SearchAction","target":{"@type":"EntryPoint","urlTemplate":"https:\/\/www.chateau-talbot.com\/ko\/?s={search_term_string}"},"query-input":{"@type":"PropertyValueSpecification","valueRequired":true,"valueName":"search_term_string"}}],"inLanguage":"ko-KR"},{"@type":"Organization","@id":"https:\/\/www.chateau-talbot.com\/ko\/#organization","name":"Ch\u00e2teau Talbot","alternateName":"L\u2019expression fid\u00e8le du terroir de Saint-Julien","url":"https:\/\/www.chateau-talbot.com\/ko\/","logo":{"@type":"ImageObject","inLanguage":"ko-KR","@id":"https:\/\/www.chateau-talbot.com\/ko\/#\/schema\/logo\/image\/","url":"https:\/\/www.chateau-talbot.com\/wp-content\/uploads\/2024\/02\/logo-chateau-TALBOT-complet.svg","contentUrl":"https:\/\/www.chateau-talbot.com\/wp-content\/uploads\/2024\/02\/logo-chateau-TALBOT-complet.svg","width":200,"height":154,"caption":"Ch\u00e2teau Talbot"},"image":{"@id":"https:\/\/www.chateau-talbot.com\/ko\/#\/schema\/logo\/image\/"},"sameAs":["https:\/\/www.facebook.com\/chateautalbot\/","https:\/\/x.com\/talbotofficial","https:\/\/www.instagram.com\/chateautalbot\/"]}]}},"_links":{"self":[{"href":"https:\/\/www.chateau-talbot.com\/ko\/wp-json\/wp\/v2\/pages\/1231","targetHints":{"allow":["GET"]}}],"collection":[{"href":"https:\/\/www.chateau-talbot.com\/ko\/wp-json\/wp\/v2\/pages"}],"about":[{"href":"https:\/\/www.chateau-talbot.com\/ko\/wp-json\/wp\/v2\/types\/page"}],"author":[{"embeddable":true,"href":"https:\/\/www.chateau-talbot.com\/ko\/wp-json\/wp\/v2\/users\/1"}],"replies":[{"embeddable":true,"href":"https:\/\/www.chateau-talbot.com\/ko\/wp-json\/wp\/v2\/comments?post=1231"}],"version-history":[{"count":3,"href":"https:\/\/www.chateau-talbot.com\/ko\/wp-json\/wp\/v2\/pages\/1231\/revisions"}],"predecessor-version":[{"id":1393,"href":"https:\/\/www.chateau-talbot.com\/ko\/wp-json\/wp\/v2\/pages\/1231\/revisions\/1393"}],"wp:attachment":[{"href":"https:\/\/www.chateau-talbot.com\/ko\/wp-json\/wp\/v2\/media?parent=1231"}],"curies":[{"name":"wp","href":"https:\/\/api.w.org\/{rel}","templated":true}]}}